{"id":25186,"date":"2022-12-06T13:40:17","date_gmt":"2022-12-06T11:40:17","guid":{"rendered":"https:\/\/www.kvk.lt\/?page_id=25186"},"modified":"2022-12-06T14:13:33","modified_gmt":"2022-12-06T12:13:33","slug":"scientific-council","status":"publish","type":"page","link":"https:\/\/www.kvk.lt\/en\/about-kvk\/councils-and-commissions\/scientific-council\/","title":{"rendered":"Scientific Council"},"content":{"rendered":"<h3><strong>Council configuration<\/strong><\/h3>\n<p><strong>Chair of KVK Scientific Council:<\/strong><\/p>\n<p>Dr. Irma Spiriajevien\u0117, Associate Professor of Dental Hygiene Department of Klaip\u0117da State University of Applied Sciences<\/p>\n<p><strong>Secretary of Scientific Council:<\/strong><\/p>\n<p>Dr. Jurga Ku\u010dinskien\u0117, Head of the Applied Research Activity Center<\/p>\n<p><strong>Appointed members of the Academic Community of the Scientific Council:<\/strong><\/p>\n<p>Dr. Jurgita Andru\u0161kien\u0117, Associate Professor of Dental Hygiene Department;<\/p>\n<p>Dr. Akvil\u0117 Virbalien\u0117, Head of Nursing and Social Welfare Department;<\/p>\n<p>Dr. Giedr\u0117 Slu\u0161nien\u0117, Associate Professor of Pedagogy Department;<\/p>\n<p>Dr. Ilvija Pikturnait\u0117, Associate Professor of Business Administration Department;<\/p>\n<p>Dr. Lina Drei\u017eien\u0117, Associate Professor of Finance and Accounting Department;<\/p>\n<p>Dr. Birut\u0117 Ruzgien\u0117, Associate Professor of Environmental and Civil Engineering Department;<\/p>\n<p>Dr. Habil Ramutis Klimas, Associate Professor of Food Technology and Nutrition Department;<\/p>\n<p>Dr. Robertas Mikalauskas, Associate Professor of Engineering and Informatics Department.<\/p>\n","protected":false},"excerpt":{"rendered":"<p>Council configuration Chair of KVK Scientific Council: Dr. Irma Spiriajevien\u0117, Associate Professor of Dental Hygiene Department of Klaip\u0117da State University of Applied Sciences Secretary of Scientific Council: Dr. Jurga Ku\u010dinskien\u0117, Head of the Applied Research Activity Center Appointed members of the Academic Community of the Scientific Council: Dr. Jurgita Andru\u0161kien\u0117, Associate Professor of Dental Hygiene [&hellip;]<\/p>\n","protected":false},"author":13,"featured_media":0,"parent":25088,"menu_order":0,"comment_status":"closed","ping_status":"closed","template":"","meta":{"_acf_changed":false,"inline_featured_image":false,"footnotes":""},"class_list":["post-25186","page","type-page","status-publish","hentry"],"acf":[],"jetpack_sharing_enabled":true,"_links":{"self":[{"href":"https:\/\/www.kvk.lt\/en\/wp-json\/wp\/v2\/pages\/25186","targetHints":{"allow":["GET"]}}],"collection":[{"href":"https:\/\/www.kvk.lt\/en\/wp-json\/wp\/v2\/pages"}],"about":[{"href":"https:\/\/www.kvk.lt\/en\/wp-json\/wp\/v2\/types\/page"}],"author":[{"embeddable":true,"href":"https:\/\/www.kvk.lt\/en\/wp-json\/wp\/v2\/users\/13"}],"replies":[{"embeddable":true,"href":"https:\/\/www.kvk.lt\/en\/wp-json\/wp\/v2\/comments?post=25186"}],"version-history":[{"count":0,"href":"https:\/\/www.kvk.lt\/en\/wp-json\/wp\/v2\/pages\/25186\/revisions"}],"up":[{"embeddable":true,"href":"https:\/\/www.kvk.lt\/en\/wp-json\/wp\/v2\/pages\/25088"}],"wp:attachment":[{"href":"https:\/\/www.kvk.lt\/en\/wp-json\/wp\/v2\/media?parent=25186"}],"curies":[{"name":"wp","href":"https:\/\/api.w.org\/{rel}","templated":true}]}}