{"id":25189,"date":"2022-12-06T13:55:40","date_gmt":"2022-12-06T11:55:40","guid":{"rendered":"https:\/\/www.kvk.lt\/?page_id=25189"},"modified":"2025-12-10T16:23:05","modified_gmt":"2025-12-10T14:23:05","slug":"kvk-council","status":"publish","type":"page","link":"https:\/\/www.kvk.lt\/en\/about-kvk\/councils-and-commissions\/kvk-council\/","title":{"rendered":"KVK Council"},"content":{"rendered":"<h4><strong>Council configuration<\/strong><\/h4>\n<p><strong>Chair of KVK Council: <\/strong><\/p>\n<p>Darius Levickis, Director of UAB \u201cVoltas\u201d<\/p>\n<p><strong>Deputy Chair of KVK Council:<\/strong><\/p>\n<p>Ilvija Pikturnait\u0117, Associate Professor of Business Faculty of Klaip\u0117da University of Applied Sciences<\/p>\n<p><strong>Appointed members of the academic community of <span data-olk-copy-source=\"MessageBody\">Klaip\u0117dos valstybin\u0117 kolegija | Higher Education Institution<\/span>:<\/strong><\/p>\n<p>Ilvija Pikturnait\u0117, Associate Professor of Business Faculty;<\/p>\n<p>Audron\u0117 \u010cistien\u0117, Head of Pedagogy Department of Business Faculty;<\/p>\n<p>Asta Ma\u017eionien\u0117, Dean of Health Sciences Faculty;<\/p>\n<p>Aurelija \u0160iurien\u0117, Lecturer of Health Sciences Faculty;<\/p>\n<p>J\u016brat\u0117 Vaitekonien\u0117, <span data-olk-copy-source=\"MessageBody\">Lecturer of Technologies Faculty<\/span>.<\/p>\n<p><strong>Appointed member of the Student Union of <span data-olk-copy-source=\"MessageBody\">Klaip\u0117dos valstybin\u0117 kolegija | Higher Education Institution<\/span>:<\/strong><\/p>\n<p><span data-olk-copy-source=\"MessageBody\">Adriana Kir\u0161yt\u0117<\/span>, Head of Student Union.<\/p>\n<p><strong>Members of <span data-olk-copy-source=\"MessageBody\">Klaip\u0117dos valstybin\u0117 kolegija | Higher Education Institution<\/span> Council, who are not members of the staff and students of KVK:<\/strong><\/p>\n<p>Darius Levickis, Director of UAB \u201cVoltas\u201d;<\/p>\n<p>Mantas Leknius, Director of UAB \u201cVMG Technics\u201d;<\/p>\n<p>Mantas Luk\u0161ys, <span data-olk-copy-source=\"MessageBody\">Director of UAB \u201eFinsauga\u201c<\/span>;<\/p>\n<p>Darius Steponkus, Director of Republican Hospital of Klaip\u0117da;<\/p>\n<p>Gintaut\u0117 \u017dilinskien\u0117, Director of UAB \u201cAtranka \/ Atrankos 360\u201d.<\/p>\n<p>&nbsp;<\/p>\n<p>KVK Council is the collegiate governing body of <span data-olk-copy-source=\"MessageBody\">Klaip\u0117dos valstybin\u0117 kolegija | Higher Education Institution<\/span>. <span data-olk-copy-source=\"MessageBody\">Klaip\u0117dos valstybin\u0117 kolegija | Higher Education Institution<\/span> Council, promulgated by Resolution of the Academic Council of <span data-olk-copy-source=\"MessageBody\">Klaip\u0117dos valstybin\u0117 kolegija | Higher Education Institution<\/span> No. SV1-06 of 22 September 2022<\/p>\n","protected":false},"excerpt":{"rendered":"<p>Council configuration Chair of KVK Council: Darius Levickis, Director of UAB \u201cVoltas\u201d Deputy Chair of KVK Council: Ilvija Pikturnait\u0117, Associate Professor of Business Faculty of Klaip\u0117da University of Applied Sciences Appointed members of the academic community of Klaip\u0117dos valstybin\u0117 kolegija | Higher Education Institution: Ilvija Pikturnait\u0117, Associate Professor of Business Faculty; Audron\u0117 \u010cistien\u0117, Head of [&hellip;]<\/p>\n","protected":false},"author":13,"featured_media":0,"parent":25088,"menu_order":0,"comment_status":"closed","ping_status":"closed","template":"","meta":{"_acf_changed":false,"inline_featured_image":false,"footnotes":""},"class_list":["post-25189","page","type-page","status-publish","hentry"],"acf":[],"jetpack_sharing_enabled":true,"_links":{"self":[{"href":"https:\/\/www.kvk.lt\/en\/wp-json\/wp\/v2\/pages\/25189","targetHints":{"allow":["GET"]}}],"collection":[{"href":"https:\/\/www.kvk.lt\/en\/wp-json\/wp\/v2\/pages"}],"about":[{"href":"https:\/\/www.kvk.lt\/en\/wp-json\/wp\/v2\/types\/page"}],"author":[{"embeddable":true,"href":"https:\/\/www.kvk.lt\/en\/wp-json\/wp\/v2\/users\/13"}],"replies":[{"embeddable":true,"href":"https:\/\/www.kvk.lt\/en\/wp-json\/wp\/v2\/comments?post=25189"}],"version-history":[{"count":0,"href":"https:\/\/www.kvk.lt\/en\/wp-json\/wp\/v2\/pages\/25189\/revisions"}],"up":[{"embeddable":true,"href":"https:\/\/www.kvk.lt\/en\/wp-json\/wp\/v2\/pages\/25088"}],"wp:attachment":[{"href":"https:\/\/www.kvk.lt\/en\/wp-json\/wp\/v2\/media?parent=25189"}],"curies":[{"name":"wp","href":"https:\/\/api.w.org\/{rel}","templated":true}]}}