{"id":25191,"date":"2022-12-06T13:42:47","date_gmt":"2022-12-06T11:42:47","guid":{"rendered":"https:\/\/www.kvk.lt\/?page_id=25191"},"modified":"2022-12-06T14:14:50","modified_gmt":"2022-12-06T12:14:50","slug":"labour-council","status":"publish","type":"page","link":"https:\/\/www.kvk.lt\/en\/about-kvk\/councils-and-commissions\/labour-council\/","title":{"rendered":"Labour Council"},"content":{"rendered":"<h4><strong>Council configuration<\/strong><\/h4>\n<p><strong>Chair of KVK Labour Council:<\/strong><\/p>\n<p>Asta Bau\u017eien\u0117, Head of Training and Services Center<\/p>\n<p><strong>Deputy Chair of KVK Labour Council:<\/strong><\/p>\n<p>J\u016brat\u0117 Liebuvien\u0117, Head of Transport Engineering Department of Technologies Faculty<\/p>\n<p><strong>Secretary of KVK Labour Council:<\/strong><\/p>\n<p>\u0160ar\u016bn\u0117 Barsevi\u010dien\u0117, Lecturer of Oral Care Department of Health Sciences Faculty<\/p>\n<p><strong>Appointed members of the academic community of Klaip\u0117da University of Applied Sciences:<\/strong><\/p>\n<p>Vilma Bridikien\u0117, Head of Center for Studies and Careers;<\/p>\n<p>Robertas Kavolius, Lecturer of Business Administration Department of Business Faculty;<\/p>\n<p>Skaidr\u0117 Ra\u010dkauskien\u0117, Lecturer of Head of Nursing and Social Welfare Department of Health Sciences Faculty;<\/p>\n<p>Reda Maryt\u0117 Tamelien\u0117, Head of Library of Klaip\u0117da University of Applied Sciences.<\/p>\n<p>&nbsp;<\/p>\n<p>KVK Labour Council is an independent collegiate representative body of Klaip\u0117da University of Applied Sciences employees. The Labour Council&#8217;s three-year term began on 5 October 2021.<\/p>\n<p>&nbsp;<\/p>\n","protected":false},"excerpt":{"rendered":"<p>Council configuration Chair of KVK Labour Council: Asta Bau\u017eien\u0117, Head of Training and Services Center Deputy Chair of KVK Labour Council: J\u016brat\u0117 Liebuvien\u0117, Head of Transport Engineering Department of Technologies Faculty Secretary of KVK Labour Council: \u0160ar\u016bn\u0117 Barsevi\u010dien\u0117, Lecturer of Oral Care Department of Health Sciences Faculty Appointed members of the academic community of Klaip\u0117da [&hellip;]<\/p>\n","protected":false},"author":13,"featured_media":0,"parent":25088,"menu_order":0,"comment_status":"closed","ping_status":"closed","template":"","meta":{"_acf_changed":false,"inline_featured_image":false,"footnotes":""},"class_list":["post-25191","page","type-page","status-publish","hentry"],"acf":[],"jetpack_sharing_enabled":true,"_links":{"self":[{"href":"https:\/\/www.kvk.lt\/en\/wp-json\/wp\/v2\/pages\/25191","targetHints":{"allow":["GET"]}}],"collection":[{"href":"https:\/\/www.kvk.lt\/en\/wp-json\/wp\/v2\/pages"}],"about":[{"href":"https:\/\/www.kvk.lt\/en\/wp-json\/wp\/v2\/types\/page"}],"author":[{"embeddable":true,"href":"https:\/\/www.kvk.lt\/en\/wp-json\/wp\/v2\/users\/13"}],"replies":[{"embeddable":true,"href":"https:\/\/www.kvk.lt\/en\/wp-json\/wp\/v2\/comments?post=25191"}],"version-history":[{"count":0,"href":"https:\/\/www.kvk.lt\/en\/wp-json\/wp\/v2\/pages\/25191\/revisions"}],"up":[{"embeddable":true,"href":"https:\/\/www.kvk.lt\/en\/wp-json\/wp\/v2\/pages\/25088"}],"wp:attachment":[{"href":"https:\/\/www.kvk.lt\/en\/wp-json\/wp\/v2\/media?parent=25191"}],"curies":[{"name":"wp","href":"https:\/\/api.w.org\/{rel}","templated":true}]}}