{"id":25193,"date":"2022-12-06T13:44:07","date_gmt":"2022-12-06T11:44:07","guid":{"rendered":"https:\/\/www.kvk.lt\/?page_id=25193"},"modified":"2022-12-09T13:58:54","modified_gmt":"2022-12-09T11:58:54","slug":"kvk-academic-ethics-committee","status":"publish","type":"page","link":"https:\/\/www.kvk.lt\/en\/about-kvk\/councils-and-commissions\/kvk-academic-ethics-committee\/","title":{"rendered":"KVK Academic Ethics Committee"},"content":{"rendered":"<h4><strong>Commission configuration<\/strong><\/h4>\n<p><strong>Chair of KVK Academic Ethics Committee:<\/strong><\/p>\n<p>Skaidr\u0117 Ra\u010dkauskien\u0117, Lecturer of Nursing and Social Welfare Department<\/p>\n<p><strong>Appointed members of the academic community of Klaip\u0117da University of Applied Sciences:<\/strong><\/p>\n<p>Dalia Pari\u0161auskien\u0117, Lecturer of Pedagogy Department;<\/p>\n<p>Saulius Grinkevi\u010dius, Lecturer of Transport Engineering Department;<\/p>\n<p>Vilma Bridikien\u0117, Head of Center for Studies and Careers.<\/p>\n<p><strong>Members of Klaip\u0117da University of Applied Sciences Council, who are not members of the staff and students of KVK:<\/strong><\/p>\n<p>J\u016brat\u0117 Beinorien\u0117, Head Nurse of V\u0161\u012e Seamen\u2019s Health Care Center;<\/p>\n<p>Jolanta Mile\u0161kien\u0117, Head of UAB \u201cAkrisida\u201d, \u201cManager.LT\u201d academy.<\/p>\n<p><strong>Appointed members of the Student Union:<\/strong><\/p>\n<p>Meda Apacenkait\u0117, student of Construction Engineering study program;<\/p>\n<p>Laura \u017dekait\u0117, student of General Practice Nursing study program;<\/p>\n<p>Neda Sartauskait\u0117, student of Finance study program.<\/p>\n<p>&nbsp;<\/p>\n","protected":false},"excerpt":{"rendered":"<p>Commission configuration Chair of KVK Academic Ethics Committee: Skaidr\u0117 Ra\u010dkauskien\u0117, Lecturer of Nursing and Social Welfare Department Appointed members of the academic community of Klaip\u0117da University of Applied Sciences: Dalia Pari\u0161auskien\u0117, Lecturer of Pedagogy Department; Saulius Grinkevi\u010dius, Lecturer of Transport Engineering Department; Vilma Bridikien\u0117, Head of Center for Studies and Careers. Members of Klaip\u0117da University [&hellip;]<\/p>\n","protected":false},"author":13,"featured_media":0,"parent":25088,"menu_order":0,"comment_status":"closed","ping_status":"closed","template":"","meta":{"_acf_changed":false,"inline_featured_image":false,"footnotes":""},"class_list":["post-25193","page","type-page","status-publish","hentry"],"acf":[],"jetpack_sharing_enabled":true,"_links":{"self":[{"href":"https:\/\/www.kvk.lt\/en\/wp-json\/wp\/v2\/pages\/25193","targetHints":{"allow":["GET"]}}],"collection":[{"href":"https:\/\/www.kvk.lt\/en\/wp-json\/wp\/v2\/pages"}],"about":[{"href":"https:\/\/www.kvk.lt\/en\/wp-json\/wp\/v2\/types\/page"}],"author":[{"embeddable":true,"href":"https:\/\/www.kvk.lt\/en\/wp-json\/wp\/v2\/users\/13"}],"replies":[{"embeddable":true,"href":"https:\/\/www.kvk.lt\/en\/wp-json\/wp\/v2\/comments?post=25193"}],"version-history":[{"count":0,"href":"https:\/\/www.kvk.lt\/en\/wp-json\/wp\/v2\/pages\/25193\/revisions"}],"up":[{"embeddable":true,"href":"https:\/\/www.kvk.lt\/en\/wp-json\/wp\/v2\/pages\/25088"}],"wp:attachment":[{"href":"https:\/\/www.kvk.lt\/en\/wp-json\/wp\/v2\/media?parent=25193"}],"curies":[{"name":"wp","href":"https:\/\/api.w.org\/{rel}","templated":true}]}}