{"id":25195,"date":"2022-12-06T13:44:30","date_gmt":"2022-12-06T11:44:30","guid":{"rendered":"https:\/\/www.kvk.lt\/?page_id=25195"},"modified":"2022-12-06T14:14:19","modified_gmt":"2022-12-06T12:14:19","slug":"kvk-dispute-settlement-commission","status":"publish","type":"page","link":"https:\/\/www.kvk.lt\/en\/about-kvk\/councils-and-commissions\/kvk-dispute-settlement-commission\/","title":{"rendered":"KVK Dispute Settlement Commission"},"content":{"rendered":"<h4><strong>Council configuration<\/strong><\/h4>\n<p><strong>Chair of KVK Dispute Settlement Commission:<\/strong><\/p>\n<p>Dr. Nijol\u0117 Galdikien\u0117, Deputy Director for Studies and Reseach<\/p>\n<p><strong>Appointed members of the academic community of Klaip\u0117da University of Applied Sciences:<\/strong><\/p>\n<p>Vilma Bridikien\u0117, Head of Center for Studies and Careers;<\/p>\n<p>Dr. Jurga Ku\u010dinskien\u0117, Head of Applied Research Activity Center.<\/p>\n<p><strong>Appointed members of the Student Union of Klaip\u0117da University of Applied Sciences:<\/strong><\/p>\n<p>Laura \u0160imkevi\u010di\u016bt\u0117, member of the Student Union;<\/p>\n<p>Kornelija Puryt\u0117, member of the Student Union;<\/p>\n<p>Lina Vilkyt\u0117, member of the Student Union.<\/p>\n<p><strong>\u00a0<\/strong><\/p>\n","protected":false},"excerpt":{"rendered":"<p>Council configuration Chair of KVK Dispute Settlement Commission: Dr. Nijol\u0117 Galdikien\u0117, Deputy Director for Studies and Reseach Appointed members of the academic community of Klaip\u0117da University of Applied Sciences: Vilma Bridikien\u0117, Head of Center for Studies and Careers; Dr. Jurga Ku\u010dinskien\u0117, Head of Applied Research Activity Center. Appointed members of the Student Union of Klaip\u0117da [&hellip;]<\/p>\n","protected":false},"author":13,"featured_media":0,"parent":25088,"menu_order":0,"comment_status":"closed","ping_status":"closed","template":"","meta":{"_acf_changed":false,"inline_featured_image":false,"footnotes":""},"class_list":["post-25195","page","type-page","status-publish","hentry"],"acf":[],"jetpack_sharing_enabled":true,"_links":{"self":[{"href":"https:\/\/www.kvk.lt\/en\/wp-json\/wp\/v2\/pages\/25195","targetHints":{"allow":["GET"]}}],"collection":[{"href":"https:\/\/www.kvk.lt\/en\/wp-json\/wp\/v2\/pages"}],"about":[{"href":"https:\/\/www.kvk.lt\/en\/wp-json\/wp\/v2\/types\/page"}],"author":[{"embeddable":true,"href":"https:\/\/www.kvk.lt\/en\/wp-json\/wp\/v2\/users\/13"}],"replies":[{"embeddable":true,"href":"https:\/\/www.kvk.lt\/en\/wp-json\/wp\/v2\/comments?post=25195"}],"version-history":[{"count":0,"href":"https:\/\/www.kvk.lt\/en\/wp-json\/wp\/v2\/pages\/25195\/revisions"}],"up":[{"embeddable":true,"href":"https:\/\/www.kvk.lt\/en\/wp-json\/wp\/v2\/pages\/25088"}],"wp:attachment":[{"href":"https:\/\/www.kvk.lt\/en\/wp-json\/wp\/v2\/media?parent=25195"}],"curies":[{"name":"wp","href":"https:\/\/api.w.org\/{rel}","templated":true}]}}