{"id":25197,"date":"2022-12-06T13:44:51","date_gmt":"2022-12-06T11:44:51","guid":{"rendered":"https:\/\/www.kvk.lt\/?page_id=25197"},"modified":"2026-04-01T16:37:44","modified_gmt":"2026-04-01T13:37:44","slug":"kvk-academic-council","status":"publish","type":"page","link":"https:\/\/www.kvk.lt\/en\/about-kvk\/councils-and-commissions\/kvk-academic-council\/","title":{"rendered":"KVK Academic Council"},"content":{"rendered":"<h4><strong>Council configuration<\/strong><\/h4>\n<p><span data-olk-copy-source=\"MessageBody\">The Academic Council consists of 21 members: 9 KVK teachers, 5 members of the Student Union, 5 members of scientific personnel, 2 KVK administrative staff by function (one of them is a director).<\/span><\/p>\n<p><strong>Chair of KVK Academic Council:<\/strong><\/p>\n<p><span data-olk-copy-source=\"MessageBody\">Monika Pocien\u0117, Vice-Dean of Health Sciences Faculty<\/span><\/p>\n<p><strong>Deputy Chair of KVK Academic Council:<\/strong><\/p>\n<p><a name=\"x_x__Hlk198196370\" data-olk-copy-source=\"MessageBody\"><\/a>Sigut\u0117 E\u017eerskien\u0117, Head of Food Technology and Nutrition Department of Technologies Faculty<\/p>\n<p><strong>Secretary of KVK Academic Council:<\/strong><\/p>\n<p><span data-olk-copy-source=\"MessageBody\">Sabina Jurkaitien\u0117, Head of Finance and Accounting Department of Business Faculty<\/span><\/p>\n<p><strong>Members of the academic community of Klaip\u0117da University of Applied Sciences:<\/strong><\/p>\n<div data-olk-copy-source=\"MessageBody\">Dr<b>.\u00a0<\/b>Remigijus Kinderis, Director of the Klaipedos valstybin\u0117 kolegija;<\/div>\n<div>Dr. Jurga Ku\u010dinskien\u0117, Deputy Director for Studies and Science;<\/div>\n<div>Dr. Vijol\u0117 Bradauskien\u0117, Associate Professor and \u00a0Dean of Technologies Faculty;<\/div>\n<div>Dr. \u00a0Akvil\u0117 Virbalien\u0117, Head of Nursing and Social Welfare Department of Health Sciences Faculty;<\/div>\n<div>Dr. \u00a0Gra\u017eina \u0160niepien\u0117, Associate Professor of Health Sciences Faculty;<\/div>\n<div>Dr. \u00a0Vytenis Sinkevi\u010dius, Associate Professor of\u00a0<a name=\"x_x__Hlk198196585\"><\/a>Technologies Faculty;<\/div>\n<div>Dr. \u00a0Giedr\u0117 Slu\u0161nien\u0117, Associate Professor of Business Faculty;<\/div>\n<div>Dr. \u00a0Gita \u0160akyt\u0117-Statnick\u0117,\u00a0<a name=\"x_x__Hlk198196599\"><\/a>Associate Professor\u00a0of Business Faculty;<\/div>\n<div>Au\u0161ra Anu\u017eien\u0117, Vice -Dean of Business Faculty;<\/div>\n<div>Skaidr\u0117 Ra\u010dkauskien\u0117, Lecturer of Health Sciences Faculty;<\/div>\n<div>Julius Vy\u0161niauskas, Lecturer of Health Sciences Faculty;<\/div>\n<div>Robertas Kavolius, Lecturer of Business Faculty;<\/div>\n<div>Raimonda S\u016bd\u017eiuvien\u0117, Lecturer of Technologies Faculty;<\/div>\n<p><strong>Appointed members of the Student Union of Klaip\u0117da University of Applied Sciences:<\/strong><\/p>\n<div data-olk-copy-source=\"MessageBody\">Aniel\u0117 Dama\u0161i\u016bt\u0117, student of Finance study program;<\/div>\n<div>Gabriela Kubili\u016bt\u0117, student of General Practice Nursing study program;<\/div>\n<div>Tadas Ple\u0161kys, student\u00a0<a name=\"x_x__Hlk198497249\"><\/a>of \u00a0Electrical and Automation Engineering study program;<\/div>\n<div>Astija Janu\u0161ait\u0117, student of Social Work\u00a0study program;<\/div>\n<div>Faustina Po\u0161kut\u0117, \u00a0student of Cosmetology study program.<\/div>\n","protected":false},"excerpt":{"rendered":"<p>Council configuration The Academic Council consists of 21 members: 9 KVK teachers, 5 members of the Student Union, 5 members of scientific personnel, 2 KVK administrative staff by function (one of them is a director). Chair of KVK Academic Council: Monika Pocien\u0117, Vice-Dean of Health Sciences Faculty Deputy Chair of KVK Academic Council: Sigut\u0117 E\u017eerskien\u0117, [&hellip;]<\/p>\n","protected":false},"author":13,"featured_media":0,"parent":25088,"menu_order":0,"comment_status":"closed","ping_status":"closed","template":"","meta":{"_acf_changed":false,"inline_featured_image":false,"footnotes":""},"class_list":["post-25197","page","type-page","status-publish","hentry"],"acf":[],"jetpack_sharing_enabled":true,"_links":{"self":[{"href":"https:\/\/www.kvk.lt\/en\/wp-json\/wp\/v2\/pages\/25197","targetHints":{"allow":["GET"]}}],"collection":[{"href":"https:\/\/www.kvk.lt\/en\/wp-json\/wp\/v2\/pages"}],"about":[{"href":"https:\/\/www.kvk.lt\/en\/wp-json\/wp\/v2\/types\/page"}],"author":[{"embeddable":true,"href":"https:\/\/www.kvk.lt\/en\/wp-json\/wp\/v2\/users\/13"}],"replies":[{"embeddable":true,"href":"https:\/\/www.kvk.lt\/en\/wp-json\/wp\/v2\/comments?post=25197"}],"version-history":[{"count":3,"href":"https:\/\/www.kvk.lt\/en\/wp-json\/wp\/v2\/pages\/25197\/revisions"}],"predecessor-version":[{"id":56194,"href":"https:\/\/www.kvk.lt\/en\/wp-json\/wp\/v2\/pages\/25197\/revisions\/56194"}],"up":[{"embeddable":true,"href":"https:\/\/www.kvk.lt\/en\/wp-json\/wp\/v2\/pages\/25088"}],"wp:attachment":[{"href":"https:\/\/www.kvk.lt\/en\/wp-json\/wp\/v2\/media?parent=25197"}],"curies":[{"name":"wp","href":"https:\/\/api.w.org\/{rel}","templated":true}]}}