{"id":3572,"date":"2020-11-11T23:07:35","date_gmt":"2020-11-11T21:07:35","guid":{"rendered":"https:\/\/www.kvk.lt\/?page_id=3572"},"modified":"2025-12-10T16:35:56","modified_gmt":"2025-12-10T14:35:56","slug":"contacts","status":"publish","type":"page","link":"https:\/\/www.kvk.lt\/en\/contacts\/","title":{"rendered":"Contacts"},"content":{"rendered":"<div class=\"KVK_row\"><div class=\"KVK_column KVK_50\"><div class=\"KVK_inner\"><\/p>\n<h2>Klaip\u0117dos valstybin\u0117 kolegija \/ Higher Education Institution<\/h2>\n<ul>\n<li>Company code: 111968056<\/li>\n<li>Erasmus code: LT KLAIPED09<\/li>\n<li>Bank account number (IBAN): LT80 7300 0100 7417 8978<\/li>\n<li>Address: Jaunystes str. 1, LT-91274 Klaipeda, Lithuania<\/li>\n<li>Phone: +370 60583155<\/li>\n<li>E-mail: <a href=\"mailto:info@kvk.lt\">info@kvk.lt<\/a><\/li>\n<li>Internet: <a href=\"https:\/\/www.kvk.lt\">www.kvk.lt<\/a><\/li>\n<\/ul>\n<p><\/div><\/div><br \/>\n<div class=\"KVK_column KVK_50\"><div class=\"KVK_inner\"><\/p>\n<h3>Faculty of Health Sciences<\/h3>\n<ul>\n<li>Dariaus ir Gir\u0117no str. 8, Klaip\u0117da<\/li>\n<li>Bij\u016bn\u0173 str. 10, Klaip\u0117da (Dept. of Nursing)<\/li>\n<\/ul>\n<h3>Faculty of Technologies<\/h3>\n<ul>\n<li>Bij\u016bn\u0173 str. 10, Klaip\u0117da<\/li>\n<\/ul>\n<h3>Faculty of Business<\/h3>\n<ul>\n<li>Jaunyst\u0117s str. 1, Klaip\u0117da<\/li>\n<\/ul>\n<p><\/div><\/div><br \/><\/div>\n","protected":false},"excerpt":{"rendered":"","protected":false},"author":1,"featured_media":0,"parent":0,"menu_order":8,"comment_status":"closed","ping_status":"closed","template":"template-contact-us.php","meta":{"_acf_changed":false,"inline_featured_image":false,"footnotes":""},"class_list":["post-3572","page","type-page","status-publish","hentry"],"acf":[],"jetpack_sharing_enabled":true,"_links":{"self":[{"href":"https:\/\/www.kvk.lt\/en\/wp-json\/wp\/v2\/pages\/3572","targetHints":{"allow":["GET"]}}],"collection":[{"href":"https:\/\/www.kvk.lt\/en\/wp-json\/wp\/v2\/pages"}],"about":[{"href":"https:\/\/www.kvk.lt\/en\/wp-json\/wp\/v2\/types\/page"}],"author":[{"embeddable":true,"href":"https:\/\/www.kvk.lt\/en\/wp-json\/wp\/v2\/users\/1"}],"replies":[{"embeddable":true,"href":"https:\/\/www.kvk.lt\/en\/wp-json\/wp\/v2\/comments?post=3572"}],"version-history":[{"count":0,"href":"https:\/\/www.kvk.lt\/en\/wp-json\/wp\/v2\/pages\/3572\/revisions"}],"wp:attachment":[{"href":"https:\/\/www.kvk.lt\/en\/wp-json\/wp\/v2\/media?parent=3572"}],"curies":[{"name":"wp","href":"https:\/\/api.w.org\/{rel}","templated":true}]}}