{"id":3575,"date":"2020-11-11T23:08:13","date_gmt":"2020-11-11T21:08:13","guid":{"rendered":"https:\/\/www.kvk.lt\/?page_id=3575"},"modified":"2022-09-07T13:39:40","modified_gmt":"2022-09-07T10:39:40","slug":"arriving-to-klaipeda","status":"publish","type":"page","link":"https:\/\/www.kvk.lt\/en\/contacts\/arriving-to-klaipeda\/","title":{"rendered":"Arriving to Klaipeda"},"content":{"rendered":"<p><a href=\"https:\/\/www.kvk.lt\/wp-content\/uploads\/2020\/11\/arrival_map_1.jpg\"><img loading=\"lazy\" decoding=\"async\" class=\"alignnone size-full wp-image-3578\" src=\"https:\/\/www.kvk.lt\/wp-content\/uploads\/2020\/11\/arrival_map_1.jpg\" alt=\"\" width=\"1172\" height=\"777\" srcset=\"https:\/\/www.kvk.lt\/wp-content\/uploads\/2020\/11\/arrival_map_1.jpg 1172w, https:\/\/www.kvk.lt\/wp-content\/uploads\/2020\/11\/arrival_map_1-600x398.jpg 600w, https:\/\/www.kvk.lt\/wp-content\/uploads\/2020\/11\/arrival_map_1-300x199.jpg 300w, https:\/\/www.kvk.lt\/wp-content\/uploads\/2020\/11\/arrival_map_1-1024x679.jpg 1024w, https:\/\/www.kvk.lt\/wp-content\/uploads\/2020\/11\/arrival_map_1-768x509.jpg 768w\" sizes=\"auto, (max-width: 1172px) 100vw, 1172px\" \/><\/a><\/p>\n<h3>By bus<\/h3>\n<p>Klaip\u0117da is easy to reach from all bigger Lithuanian cities. Information about domestic buses in Lithuania (routes, departure times, prices) you can find and buy tickets on internet page\u00a0<a href=\"http:\/\/www.autobusubilietai.lt\/index.php?cl=start&amp;lang=0\">www.autobusubilietai.lt<\/a><\/p>\n<p>There is also direct airport bus company Ollex \u2014 <a href=\"https:\/\/www.ollex.lt\/en\">https:\/\/www.ollex.lt\/en<\/a><\/p>\n<h3>By train<\/h3>\n<p>Klaip\u0117da is joined on train line with\u00a0Vilnius\u00a0<em>(Klaip\u0117da-Kretinga-Plung\u0117-Tel\u0161iai-\u0160iauliai-Radvili\u0161kis-K\u0117dainiai-Jonava-Kai\u0161iadorys-Vilnius)<\/em>\u00a0and \u0160ilut\u0117\u00a0<em>(Klaip\u0117da-Dituva-Priekul\u0117-\u0160ilut\u0117)<\/em>. Information about trains in Lithuania (routes, departure times, prices) you can find and buy tickets on internet page\u00a0<a href=\"http:\/\/www.traukiniobilietas.lt\/\">www.traukiniobilietas.lt<\/a>. Lithuanian train map\u00a0<a href=\"https:\/\/www.traukiniobilietas.lt\/portal\/attachments\/27281\/LG_MAP_4.svg\" target=\"_blank\" rel=\"noopener noreferrer\">HERE<\/a><\/p>\n<h3>By ferry<\/h3>\n<p>From Klaip\u0117da there are 3 international ferry connection links:\u00a0<a href=\"http:\/\/www.dfdsseaways.com\/ferry-routes-europe\/ferries-germany-baltics\/kiel-klaipeda\" target=\"_blank\" rel=\"noopener noreferrer\"><b>Klaip\u0117da &#8211; Kiel<\/b><\/a>\u00a0(Germany),\u00a0<a href=\"http:\/\/www.dfdsseaways.com\/ferry-routes-europe\/baltics-sweden-ferries\" target=\"_blank\" rel=\"noopener noreferrer\"><b>Klaip\u0117da &#8211; Karlshamn<\/b><\/a>\u00a0(Sweden) organized by ferry company &#8220;DFDS Seaways&#8221;. And\u00a0<a href=\"https:\/\/www.ttline.com\/en\/\" target=\"_blank\" rel=\"noopener noreferrer\"><b>Klaip\u0117da &#8211; Trelleborg<\/b><\/a>\u00a0(Sweden). Organized by ferry company &#8220;TT-Line&#8221;.<\/p>\n<p>Central Klaip\u0117da terminal is located in middle part of city Klaip\u0117da.<br \/>\nAddress: Baltijos pr. 40, Klaip\u0117da. Tel: +370 46 39 52 94\u00a0\u00a0 E-mail: passenger@dfds.com<\/p>\n<p>More information about tickets, schedules, services &#8211; contact:<\/p>\n<ul>\n<li>DFDS Seaways:\u00a0<a href=\"http:\/\/www.dfdsseaways.lt\/\" target=\"_blank\" rel=\"noopener noreferrer\">www.dfdsseaways.lt<\/a>, passenger@dfds.com<\/li>\n<li>TT-Line:\u00a0<a href=\"http:\/\/www.dfdsseaways.lt\/\" target=\"_blank\" rel=\"noopener noreferrer\">https:\/\/ttline.com\/en\/passengers\/current-offers\/klaipeda\/<\/a><\/li>\n<\/ul>\n<p>You can arrive to the city from the International Ferry Terminal by bus No. 1A, minibus No. 8A. (Check the details for ferry routes, prices on\u00a0<a href=\"https:\/\/www.lisco.lt\/\">www.lisco.lt<\/a>).<\/p>\n<h3>By plane<\/h3>\n<p>This is the fastest way.\u00a0There is an international airport in Palanga (about 25 km away from Klaipeda). You can arrive to Palanga (<a href=\"https:\/\/www.palanga-airport.lt\/\">www.palanga-airport.lt<\/a>) directly from Oslo, Copenhagen, Riga and Moscow or by connecting flights to Palanga from many of European airports. Presumably you\u2019d arrive from international Kaunas airport (about 200 km away from Klaipeda) or international Vilnius airport (about 300 km away from Klaipeda). The way to reach Klaipeda is by taking a direct bus route from the airports (https:\/\/www.kaunas-airport.lt;\u00a0<a href=\"https:\/\/www.vilnius-airport.lt\/\">www.vilnius-airport.lt<\/a>).<\/p>\n<div id=\"content\">\n<div class=\"container\">\n<div class=\" row\">\n<div class=\"inner\">\n<div class=\"col col-md-10 \">\n<div class=\"inner-right\">\n<div id=\"ipBlock-main\" class=\"ipBlock\" data-revisionid=\"5473\" data-languageid=\"0\">\n<div class=\"ipWidget ipWidget-Text ipSkin-default\">\n<div class=\"ipsContainer\">\n<h3>By car<\/h3>\n<p>If you are coming o Lithuania by a car, please check the list of <a href=\"http:\/\/www.pasienis.lt\/eng\/Documents-mandatory-for-crossing-the-state-border-of-the-republic-of-lithuania\">documents mandatory for crossing the State border<\/a>.<\/p>\n<\/div>\n<\/div>\n<\/div>\n<\/div>\n<\/div>\n<\/div>\n<\/div>\n<\/div>\n<\/div>\n","protected":false},"excerpt":{"rendered":"<p>By bus Klaip\u0117da is easy to reach from all bigger Lithuanian cities. Information about domestic buses in Lithuania (routes, departure times, prices) you can find and buy tickets on internet page\u00a0www.autobusubilietai.lt There is also direct airport bus company Ollex \u2014 https:\/\/www.ollex.lt\/en By train Klaip\u0117da is joined on train line with\u00a0Vilnius\u00a0(Klaip\u0117da-Kretinga-Plung\u0117-Tel\u0161iai-\u0160iauliai-Radvili\u0161kis-K\u0117dainiai-Jonava-Kai\u0161iadorys-Vilnius)\u00a0and \u0160ilut\u0117\u00a0(Klaip\u0117da-Dituva-Priekul\u0117-\u0160ilut\u0117). Information about trains in [&hellip;]<\/p>\n","protected":false},"author":1,"featured_media":0,"parent":3572,"menu_order":0,"comment_status":"closed","ping_status":"closed","template":"","meta":{"_acf_changed":false,"inline_featured_image":false,"footnotes":""},"class_list":["post-3575","page","type-page","status-publish","hentry"],"acf":[],"jetpack_sharing_enabled":true,"_links":{"self":[{"href":"https:\/\/www.kvk.lt\/en\/wp-json\/wp\/v2\/pages\/3575","targetHints":{"allow":["GET"]}}],"collection":[{"href":"https:\/\/www.kvk.lt\/en\/wp-json\/wp\/v2\/pages"}],"about":[{"href":"https:\/\/www.kvk.lt\/en\/wp-json\/wp\/v2\/types\/page"}],"author":[{"embeddable":true,"href":"https:\/\/www.kvk.lt\/en\/wp-json\/wp\/v2\/users\/1"}],"replies":[{"embeddable":true,"href":"https:\/\/www.kvk.lt\/en\/wp-json\/wp\/v2\/comments?post=3575"}],"version-history":[{"count":0,"href":"https:\/\/www.kvk.lt\/en\/wp-json\/wp\/v2\/pages\/3575\/revisions"}],"up":[{"embeddable":true,"href":"https:\/\/www.kvk.lt\/en\/wp-json\/wp\/v2\/pages\/3572"}],"wp:attachment":[{"href":"https:\/\/www.kvk.lt\/en\/wp-json\/wp\/v2\/media?parent=3575"}],"curies":[{"name":"wp","href":"https:\/\/api.w.org\/{rel}","templated":true}]}}