{"id":3642,"date":"2020-11-11T23:24:33","date_gmt":"2020-11-11T21:24:33","guid":{"rendered":"https:\/\/www.kvk.lt\/?page_id=3642"},"modified":"2026-02-17T08:43:30","modified_gmt":"2026-02-17T06:43:30","slug":"leisure","status":"publish","type":"page","link":"https:\/\/www.kvk.lt\/en\/for-students\/leisure\/","title":{"rendered":"Leisure"},"content":{"rendered":"<h3><b>TOURISM IN LITHUANIA:<\/b><\/h3>\n<ul>\n<li><a href=\"http:\/\/www.turizmas.lt\/\" target=\"_blank\" rel=\"noopener noreferrer\">Tourism in Lithuania<\/a><\/li>\n<li><a href=\"http:\/\/www.travel.lt\/\" target=\"_blank\" rel=\"noopener noreferrer\">Information about Lithuania<\/a><\/li>\n<li><a href=\"http:\/\/www.maps.lt\/\" target=\"_blank\" rel=\"noopener noreferrer\">Maps<\/a><\/li>\n<\/ul>\n<h3><b>INFORMATION ABOUT\u00a0KLAIP\u0116DA AND REGION:<\/b><\/h3>\n<ul>\n<li>&#8220;<a href=\"http:\/\/www.vakarukrantas.lt\/\" target=\"_blank\" rel=\"noopener noreferrer\">Pa\u017eink Vakar\u0173 Krant\u0105<\/a>&#8221; (transl. &#8220;Get to know the western Lithuanian shore&#8221;)<\/li>\n<li><a href=\"http:\/\/www.klaipedos-r.lt\/\" target=\"_blank\" rel=\"noopener noreferrer\">Klaip\u0117da district municipality<\/a><\/li>\n<li><a href=\"http:\/\/www.visitneringa.com\/\" target=\"_blank\" rel=\"noopener noreferrer\">Neringa tourism information<\/a><\/li>\n<li><a href=\"http:\/\/www.palangatic.lt\/\" target=\"_blank\" rel=\"noopener noreferrer\">Palanga tourism information center<\/a><\/li>\n<li><a href=\"http:\/\/www.pajuris.info\/\" target=\"_blank\" rel=\"noopener noreferrer\">Seaside regional park<\/a><\/li>\n<li><a href=\"http:\/\/www.nerija.lt\/\" target=\"_blank\" rel=\"noopener noreferrer\">Curonian Spit national park<\/a><\/li>\n<li><a href=\"http:\/\/www.kulturpolis.lt\/\" target=\"_blank\" rel=\"noopener noreferrer\">Klaip\u0117da culture communication center<\/a><\/li>\n<li><a href=\"http:\/\/www.ve.lt\/naujienos\/klaipeda1\/klaipeda-news-in-english\/\" target=\"_blank\" rel=\"noopener noreferrer\">Klaip\u0117da city newspaper in English (online version)<\/a><\/li>\n<li><a href=\"https:\/\/draugiskigyvunams.lt\/\" target=\"_blank\" rel=\"noopener noreferrer\">Pet-friendly places in Klaip\u0117da (in Lithuanian language)<\/a><\/li>\n<\/ul>\n<h3><b>ACTIVITIES<\/b><\/h3>\n<ul>\n<li><a href=\"http:\/\/www.muziejai.lt\/\" target=\"_blank\" rel=\"noopener noreferrer\">Lithuanian museums<\/a><\/li>\n<li><a href=\"http:\/\/www.camping.lt\/\" target=\"_blank\" rel=\"noopener noreferrer\">Campings in Lithuania<\/a><\/li>\n<li><a href=\"http:\/\/www.countryside.lt\/\" target=\"_blank\" rel=\"noopener noreferrer\">Recreation in Lithuanian village<\/a><\/li>\n<li><a href=\"https:\/\/klaipedatravel.lt\/en\/events2\/\" target=\"_blank\" rel=\"noopener noreferrer\">Various events\u00a0and concerts<\/a><\/li>\n<li><a href=\"https:\/\/klaipedatravel.lt\/en\/place-category\/entertainment\/\">For active leisure<\/a><\/li>\n<li><a href=\"https:\/\/klaipedatravel.lt\/en\/what-to-see\/\">Places to visit in Klaipeda<\/a><\/li>\n<li><a href=\"https:\/\/www.inyourpocket.com\/klaipeda\/nightlife\/bars\">Nightlife<\/a><\/li>\n<\/ul>\n<h3><\/h3>\n<h3><b>KVK SPORTS<\/b><\/h3>\n<p data-ccp-props=\"{&quot;335551550&quot;:6,&quot;335551620&quot;:6,&quot;335559683&quot;:0,&quot;335559685&quot;:0,&quot;335559731&quot;:0,&quot;335559737&quot;:0,&quot;335562764&quot;:2,&quot;335562765&quot;:1,&quot;335562766&quot;:4,&quot;335562767&quot;:0,&quot;335562768&quot;:4,&quot;335562769&quot;:0}\"><b><span data-usefontface=\"true\" data-contrast=\"none\">Sport hall <\/span><\/b><b><span data-usefontface=\"true\" data-contrast=\"none\">is located in<\/span><\/b><b><span data-usefontface=\"true\" data-contrast=\"none\"> the Faculty of Technology <\/span><\/b>\u200b<\/p>\n<p data-ccp-props=\"{&quot;335551550&quot;:6,&quot;335551620&quot;:6,&quot;335559683&quot;:0,&quot;335559685&quot;:0,&quot;335559731&quot;:0,&quot;335559737&quot;:0,&quot;335562764&quot;:2,&quot;335562765&quot;:1,&quot;335562766&quot;:4,&quot;335562767&quot;:0,&quot;335562768&quot;:4,&quot;335562769&quot;:0}\"><span data-usefontface=\"true\" data-contrast=\"none\">Physical activity exercises take place:<\/span>\u200b<\/p>\n<ul>\n<li data-charcodes=\"8226\" data-font=\"Arial,Sans-Serif\" data-buautonum=\"8\" data-margin=\"450\" data-aria-posinset=\"1\" data-aria-level=\"1\">Monday 11.00-15.00, 20.00-21.30\u200b &#8211; Basketball training\u200b<\/li>\n<li>Tuesday 11.00-15.00, 20.00-21.30 \u200b- Volleyball training\u200b<\/li>\n<li data-charcodes=\"8226\" data-font=\"Arial,Sans-Serif\" data-buautonum=\"8\" data-margin=\"450\" data-aria-posinset=\"2\" data-aria-level=\"1\">Wednesday 11.00-15.00, 20.00-21.30\u200b\u00a0&#8211; Basketball training\u200b<\/li>\n<li data-charcodes=\"8226\" data-font=\"Arial,Sans-Serif\" data-buautonum=\"8\" data-margin=\"450\" data-aria-posinset=\"5\" data-aria-level=\"1\">Thursday 11.00-15.00, 20.00-21.30 \u200b- Volleyball training\u200b<\/li>\n<li data-charcodes=\"8226\" data-font=\"Arial,Sans-Serif\" data-buautonum=\"8\" data-margin=\"450\" data-aria-posinset=\"7\" data-aria-level=\"1\"><span data-usefontface=\"true\" data-contrast=\"none\">Friday 11.00-15.00 p.m.<\/span>\u200b<\/li>\n<\/ul>\n<p data-ccp-props=\"{&quot;335551550&quot;:6,&quot;335551620&quot;:6,&quot;335559683&quot;:0,&quot;335559685&quot;:0,&quot;335559731&quot;:0,&quot;335559737&quot;:0,&quot;335562764&quot;:2,&quot;335562765&quot;:1,&quot;335562766&quot;:4,&quot;335562767&quot;:0,&quot;335562768&quot;:4,&quot;335562769&quot;:0}\"><span data-usefontface=\"true\" data-contrast=\"none\">The time of the hall from <\/span>11.00 to 15.00<span data-usefontface=\"true\" data-contrast=\"none\"> is for all KVK students <\/span><span data-usefontface=\"true\" data-contrast=\"none\">who come to play free time from lectures. <\/span>\u200b<\/p>\n<p data-ccp-props=\"{&quot;335551550&quot;:6,&quot;335551620&quot;:6,&quot;335559683&quot;:0,&quot;335559685&quot;:0,&quot;335559731&quot;:0,&quot;335559737&quot;:0,&quot;335562764&quot;:2,&quot;335562765&quot;:1,&quot;335562766&quot;:4,&quot;335562767&quot;:0,&quot;335562768&quot;:4,&quot;335562769&quot;:0}\"><span data-usefontface=\"true\" data-contrast=\"none\">In the evenings, trainings are held, which are aimed at the <\/span><span data-usefontface=\"true\" data-contrast=\"none\">members of the KVK basketball and volleyball team.<\/span>\u200b<\/p>\n","protected":false},"excerpt":{"rendered":"<p>TOURISM IN LITHUANIA: Tourism in Lithuania Information about Lithuania Maps INFORMATION ABOUT\u00a0KLAIP\u0116DA AND REGION: &#8220;Pa\u017eink Vakar\u0173 Krant\u0105&#8221; (transl. &#8220;Get to know the western Lithuanian shore&#8221;) Klaip\u0117da district municipality Neringa tourism information Palanga tourism information center Seaside regional park Curonian Spit national park Klaip\u0117da culture communication center Klaip\u0117da city newspaper in English (online version) Pet-friendly places [&hellip;]<\/p>\n","protected":false},"author":1,"featured_media":0,"parent":3603,"menu_order":14,"comment_status":"closed","ping_status":"closed","template":"","meta":{"_acf_changed":false,"inline_featured_image":false,"footnotes":""},"class_list":["post-3642","page","type-page","status-publish","hentry"],"acf":[],"jetpack_sharing_enabled":true,"_links":{"self":[{"href":"https:\/\/www.kvk.lt\/en\/wp-json\/wp\/v2\/pages\/3642","targetHints":{"allow":["GET"]}}],"collection":[{"href":"https:\/\/www.kvk.lt\/en\/wp-json\/wp\/v2\/pages"}],"about":[{"href":"https:\/\/www.kvk.lt\/en\/wp-json\/wp\/v2\/types\/page"}],"author":[{"embeddable":true,"href":"https:\/\/www.kvk.lt\/en\/wp-json\/wp\/v2\/users\/1"}],"replies":[{"embeddable":true,"href":"https:\/\/www.kvk.lt\/en\/wp-json\/wp\/v2\/comments?post=3642"}],"version-history":[{"count":0,"href":"https:\/\/www.kvk.lt\/en\/wp-json\/wp\/v2\/pages\/3642\/revisions"}],"up":[{"embeddable":true,"href":"https:\/\/www.kvk.lt\/en\/wp-json\/wp\/v2\/pages\/3603"}],"wp:attachment":[{"href":"https:\/\/www.kvk.lt\/en\/wp-json\/wp\/v2\/media?parent=3642"}],"curies":[{"name":"wp","href":"https:\/\/api.w.org\/{rel}","templated":true}]}}