{"id":3960,"date":"2020-11-12T19:25:09","date_gmt":"2020-11-12T17:25:09","guid":{"rendered":"https:\/\/www.kvk.lt\/?page_id=3960"},"modified":"2026-01-19T09:45:00","modified_gmt":"2026-01-19T07:45:00","slug":"dormitories","status":"publish","type":"page","link":"https:\/\/www.kvk.lt\/en\/for-students\/dormitories\/","title":{"rendered":"Dormitories"},"content":{"rendered":"<div class=\"KVK_row\"><div class=\"KVK_column KVK_33\"><div class=\"KVK_inner\"><img loading=\"lazy\" decoding=\"async\" class=\"alignnone wp-image-3964 size-full\" src=\"https:\/\/www.kvk.lt\/wp-content\/uploads\/2020\/11\/DSC_3775_1.jpg\" alt=\"\" width=\"800\" height=\"529\" srcset=\"https:\/\/www.kvk.lt\/wp-content\/uploads\/2020\/11\/DSC_3775_1.jpg 800w, https:\/\/www.kvk.lt\/wp-content\/uploads\/2020\/11\/DSC_3775_1-600x397.jpg 600w, https:\/\/www.kvk.lt\/wp-content\/uploads\/2020\/11\/DSC_3775_1-300x198.jpg 300w, https:\/\/www.kvk.lt\/wp-content\/uploads\/2020\/11\/DSC_3775_1-768x508.jpg 768w\" sizes=\"auto, (max-width: 800px) 100vw, 800px\" \/><\/div><\/div><br \/>\n<div class=\"KVK_column KVK_33\"><div class=\"KVK_inner\"><img loading=\"lazy\" decoding=\"async\" class=\"aligncenter wp-image-16452\" src=\"https:\/\/www.kvk.lt\/wp-content\/uploads\/2021\/10\/DSC_0678.jpg\" alt=\"\" width=\"821\" height=\"599\" srcset=\"https:\/\/www.kvk.lt\/wp-content\/uploads\/2021\/10\/DSC_0678.jpg 5162w, https:\/\/www.kvk.lt\/wp-content\/uploads\/2021\/10\/DSC_0678-600x438.jpg 600w, https:\/\/www.kvk.lt\/wp-content\/uploads\/2021\/10\/DSC_0678-300x219.jpg 300w, https:\/\/www.kvk.lt\/wp-content\/uploads\/2021\/10\/DSC_0678-1024x748.jpg 1024w, https:\/\/www.kvk.lt\/wp-content\/uploads\/2021\/10\/DSC_0678-768x561.jpg 768w, https:\/\/www.kvk.lt\/wp-content\/uploads\/2021\/10\/DSC_0678-1536x1122.jpg 1536w, https:\/\/www.kvk.lt\/wp-content\/uploads\/2021\/10\/DSC_0678-2048x1496.jpg 2048w\" sizes=\"auto, (max-width: 821px) 100vw, 821px\" \/><\/div><\/div><br \/>\n<div class=\"KVK_column KVK_33\"><div class=\"KVK_inner\"><img loading=\"lazy\" decoding=\"async\" class=\"alignnone wp-image-3968 size-full\" src=\"https:\/\/www.kvk.lt\/wp-content\/uploads\/2020\/11\/DSC_3838_1.jpg\" alt=\"\" width=\"800\" height=\"529\" srcset=\"https:\/\/www.kvk.lt\/wp-content\/uploads\/2020\/11\/DSC_3838_1.jpg 800w, https:\/\/www.kvk.lt\/wp-content\/uploads\/2020\/11\/DSC_3838_1-600x397.jpg 600w, https:\/\/www.kvk.lt\/wp-content\/uploads\/2020\/11\/DSC_3838_1-300x198.jpg 300w, https:\/\/www.kvk.lt\/wp-content\/uploads\/2020\/11\/DSC_3838_1-768x508.jpg 768w\" sizes=\"auto, (max-width: 800px) 100vw, 800px\" \/><\/div><\/div><br \/><\/div>\n<p>Dormitory &#8211;\u00a0 Debreceno g. 25<\/p>\n<p>The dormitory is located in the southern part of Klaip\u0117da city. Students are offered accommodation in triple and double rooms. The rooms are laid out in blocks. One block has one double and one triple room, a hallway, a toilet. Showers and kitchens are installed on each floor.<\/p>\n<p>The dormitory is equipped with a small gym, recreation and study areas. The recreation areas are equipped with table tennis, football tables, and board games.<\/p>\n<p>In each dormitory room, the resident will find individual furniture (bed, table, chair, wardrobe).<\/p>\n<p>The dormitory has a self-service laundry, where washing and drying machines can be used free of charge. There are rooms for storing bicycles.<\/p>\n<p>The dormitory is equipped with video surveillance cameras.<\/p>\n<p>The common areas of the dormitory are maintained and cleaned every day.<\/p>\n<p>Price \u2013 80-140 \u20ac per month.<\/p>\n<p>Institution: Klaipedos valstybine kolegija<br \/>\nAccount No. LT 807300010074178978<br \/>\nBank &#8220;Swedbankas&#8221;Code: 73000<\/p>\n<p>KVK can offer limited number of placements for accommodation in the dormitory for international students. For dormitory reservation please send inquiries to administrator J\u016brat\u0117 P\u0117kautien\u0117 via j.pekautiene@kvk.lt.<\/p>\n","protected":false},"excerpt":{"rendered":"<p>Dormitory &#8211;\u00a0 Debreceno g. 25 The dormitory is located in the southern part of Klaip\u0117da city. Students are offered accommodation in triple and double rooms. The rooms are laid out in blocks. One block has one double and one triple room, a hallway, a toilet. Showers and kitchens are installed on each floor. The dormitory [&hellip;]<\/p>\n","protected":false},"author":1,"featured_media":0,"parent":3603,"menu_order":12,"comment_status":"closed","ping_status":"closed","template":"","meta":{"_acf_changed":false,"inline_featured_image":false,"footnotes":""},"class_list":["post-3960","page","type-page","status-publish","hentry"],"acf":[],"jetpack_sharing_enabled":true,"_links":{"self":[{"href":"https:\/\/www.kvk.lt\/en\/wp-json\/wp\/v2\/pages\/3960","targetHints":{"allow":["GET"]}}],"collection":[{"href":"https:\/\/www.kvk.lt\/en\/wp-json\/wp\/v2\/pages"}],"about":[{"href":"https:\/\/www.kvk.lt\/en\/wp-json\/wp\/v2\/types\/page"}],"author":[{"embeddable":true,"href":"https:\/\/www.kvk.lt\/en\/wp-json\/wp\/v2\/users\/1"}],"replies":[{"embeddable":true,"href":"https:\/\/www.kvk.lt\/en\/wp-json\/wp\/v2\/comments?post=3960"}],"version-history":[{"count":0,"href":"https:\/\/www.kvk.lt\/en\/wp-json\/wp\/v2\/pages\/3960\/revisions"}],"up":[{"embeddable":true,"href":"https:\/\/www.kvk.lt\/en\/wp-json\/wp\/v2\/pages\/3603"}],"wp:attachment":[{"href":"https:\/\/www.kvk.lt\/en\/wp-json\/wp\/v2\/media?parent=3960"}],"curies":[{"name":"wp","href":"https:\/\/api.w.org\/{rel}","templated":true}]}}