{"id":52796,"date":"2025-10-06T14:32:32","date_gmt":"2025-10-06T11:32:32","guid":{"rendered":"https:\/\/www.kvk.lt\/?post_type=product&#038;p=52796"},"modified":"2026-03-17T14:35:25","modified_gmt":"2026-03-17T12:35:25","slug":"medziaginis-maiselis-2","status":"publish","type":"product","link":"https:\/\/www.kvk.lt\/en\/produktas\/medziaginis-maiselis-2\/","title":{"rendered":"Med\u017eiaginis mai\u0161elis"},"content":{"rendered":"<p>Tamsiai m\u0117lynas, minimalistinio dizaino daugkartinis mai\u0161elis su ry\u0161kiu grafiniu akcentu ir baltu KVK logotipu. Patogus kasdienai \u2013 tinka ne\u0161tis \u012f paskaitas, bibliotek\u0105 ar lengvam apsipirkimui po studij\u0173.<\/p>\n","protected":false},"excerpt":{"rendered":"<p>Tamsiai m\u0117lynas, minimalistinio dizaino daugkartinis mai\u0161elis su ry\u0161kiu grafiniu akcentu ir baltu KVK logotipu. Patogus kasdienai \u2013 tinka ne\u0161tis \u012f paskaitas, bibliotek\u0105 ar lengvam apsipirkimui.<\/p>\n","protected":false},"featured_media":52797,"template":"","meta":{"_acf_changed":false,"inline_featured_image":false},"product_brand":[],"product_cat":[98],"product_tag":[],"class_list":{"0":"post-52796","1":"product","2":"type-product","3":"status-publish","4":"has-post-thumbnail","6":"product_cat-daiktams","8":"first","9":"instock","10":"taxable","11":"shipping-taxable","12":"purchasable","13":"product-type-simple"},"acf":[],"jetpack_sharing_enabled":true,"_links":{"self":[{"href":"https:\/\/www.kvk.lt\/en\/wp-json\/wp\/v2\/product\/52796","targetHints":{"allow":["GET"]}}],"collection":[{"href":"https:\/\/www.kvk.lt\/en\/wp-json\/wp\/v2\/product"}],"about":[{"href":"https:\/\/www.kvk.lt\/en\/wp-json\/wp\/v2\/types\/product"}],"wp:featuredmedia":[{"embeddable":true,"href":"https:\/\/www.kvk.lt\/en\/wp-json\/wp\/v2\/media\/52797"}],"wp:attachment":[{"href":"https:\/\/www.kvk.lt\/en\/wp-json\/wp\/v2\/media?parent=52796"}],"wp:term":[{"taxonomy":"product_brand","embeddable":true,"href":"https:\/\/www.kvk.lt\/en\/wp-json\/wp\/v2\/product_brand?post=52796"},{"taxonomy":"product_cat","embeddable":true,"href":"https:\/\/www.kvk.lt\/en\/wp-json\/wp\/v2\/product_cat?post=52796"},{"taxonomy":"product_tag","embeddable":true,"href":"https:\/\/www.kvk.lt\/en\/wp-json\/wp\/v2\/product_tag?post=52796"}],"curies":[{"name":"wp","href":"https:\/\/api.w.org\/{rel}","templated":true}]}}