{"id":52829,"date":"2025-10-06T14:42:06","date_gmt":"2025-10-06T11:42:06","guid":{"rendered":"https:\/\/www.kvk.lt\/?post_type=product&#038;p=52829"},"modified":"2025-10-06T14:42:45","modified_gmt":"2025-10-06T11:42:45","slug":"kvk-apyranke","status":"publish","type":"product","link":"https:\/\/www.kvk.lt\/en\/produktas\/kvk-apyranke\/","title":{"rendered":"KVK apyrank\u0117"},"content":{"rendered":"<ul data-start=\"227\" data-end=\"562\">\n<li data-start=\"227\" data-end=\"309\">\n<p data-start=\"229\" data-end=\"309\"><strong data-start=\"229\" data-end=\"252\">Reguliuojamas dydis<\/strong> \u2013 tinka \u012fvairaus rie\u0161o apim\u010diai (u\u017ever\u017eiama mazgeliais).<\/p>\n<\/li>\n<li data-start=\"310\" data-end=\"383\">\n<p data-start=\"312\" data-end=\"383\"><strong data-start=\"312\" data-end=\"336\">Tvirta pinta virvel\u0117<\/strong> \u2013 maloni liesti, atspari kasdieniam d\u0117v\u0117jimui.<\/p>\n<\/li>\n<li data-start=\"476\" data-end=\"562\">\n<p data-start=\"478\" data-end=\"562\"><strong data-start=\"478\" data-end=\"488\">Unisex<\/strong> \u2013 tinkama visiems.<\/p>\n<\/li>\n<\/ul>\n","protected":false},"excerpt":{"rendered":"<p>Minimalistinio dizaino, juodai baltos spalvos pintos virvel\u0117s apyrank\u0117 su subtiliu KVK logotipu.<\/p>\n","protected":false},"featured_media":52823,"template":"","meta":{"_acf_changed":false,"inline_featured_image":false},"product_brand":[],"product_cat":[96],"product_tag":[],"class_list":{"0":"post-52829","1":"product","2":"type-product","3":"status-publish","4":"has-post-thumbnail","6":"product_cat-parduotuve","8":"first","9":"instock","10":"taxable","11":"shipping-taxable","12":"purchasable","13":"product-type-simple"},"acf":[],"jetpack_sharing_enabled":true,"_links":{"self":[{"href":"https:\/\/www.kvk.lt\/en\/wp-json\/wp\/v2\/product\/52829","targetHints":{"allow":["GET"]}}],"collection":[{"href":"https:\/\/www.kvk.lt\/en\/wp-json\/wp\/v2\/product"}],"about":[{"href":"https:\/\/www.kvk.lt\/en\/wp-json\/wp\/v2\/types\/product"}],"wp:featuredmedia":[{"embeddable":true,"href":"https:\/\/www.kvk.lt\/en\/wp-json\/wp\/v2\/media\/52823"}],"wp:attachment":[{"href":"https:\/\/www.kvk.lt\/en\/wp-json\/wp\/v2\/media?parent=52829"}],"wp:term":[{"taxonomy":"product_brand","embeddable":true,"href":"https:\/\/www.kvk.lt\/en\/wp-json\/wp\/v2\/product_brand?post=52829"},{"taxonomy":"product_cat","embeddable":true,"href":"https:\/\/www.kvk.lt\/en\/wp-json\/wp\/v2\/product_cat?post=52829"},{"taxonomy":"product_tag","embeddable":true,"href":"https:\/\/www.kvk.lt\/en\/wp-json\/wp\/v2\/product_tag?post=52829"}],"curies":[{"name":"wp","href":"https:\/\/api.w.org\/{rel}","templated":true}]}}