{"id":52831,"date":"2025-10-06T14:50:42","date_gmt":"2025-10-06T11:50:42","guid":{"rendered":"https:\/\/www.kvk.lt\/?post_type=product&#038;p=52831"},"modified":"2026-01-19T01:09:29","modified_gmt":"2026-01-18T23:09:29","slug":"kepure","status":"publish","type":"product","link":"https:\/\/www.kvk.lt\/en\/produktas\/kepure\/","title":{"rendered":"Kepur\u0117"},"content":{"rendered":"<p>Kepur\u0117s sud\u0117tyje yra 58.4% Polylana\u00ae.<\/p>\n<p>Polylana\u00ae \u2013 tai ma\u017eo poveikio alternatyva 100 % akrilo pluo\u0161tui, kuriam pagaminti sunaudojama ma\u017eiau energijos ir vandens. Joje yra AWARE\u2122 \u017eymeklis, patvirtinantis, kad tikrai naudojamos perdirbtos med\u017eiagos. 38.9% akrilo, 2.7% kita.<\/p>\n","protected":false},"excerpt":{"rendered":"<p>Klasikin\u0117 juodos spalvos megzta kepur\u0117 su minimalistiniu KVK \u017eenklu. \u0160ilta, tampri ir patogi kasdieniam d\u0117v\u0117jimui.<\/p>\n","protected":false},"featured_media":52805,"template":"","meta":{"_acf_changed":false,"inline_featured_image":false},"product_brand":[],"product_cat":[101],"product_tag":[],"class_list":{"0":"post-52831","1":"product","2":"type-product","3":"status-publish","4":"has-post-thumbnail","6":"product_cat-apranga","8":"first","9":"instock","10":"taxable","11":"shipping-taxable","12":"purchasable","13":"product-type-simple"},"acf":[],"jetpack_sharing_enabled":true,"_links":{"self":[{"href":"https:\/\/www.kvk.lt\/en\/wp-json\/wp\/v2\/product\/52831","targetHints":{"allow":["GET"]}}],"collection":[{"href":"https:\/\/www.kvk.lt\/en\/wp-json\/wp\/v2\/product"}],"about":[{"href":"https:\/\/www.kvk.lt\/en\/wp-json\/wp\/v2\/types\/product"}],"wp:featuredmedia":[{"embeddable":true,"href":"https:\/\/www.kvk.lt\/en\/wp-json\/wp\/v2\/media\/52805"}],"wp:attachment":[{"href":"https:\/\/www.kvk.lt\/en\/wp-json\/wp\/v2\/media?parent=52831"}],"wp:term":[{"taxonomy":"product_brand","embeddable":true,"href":"https:\/\/www.kvk.lt\/en\/wp-json\/wp\/v2\/product_brand?post=52831"},{"taxonomy":"product_cat","embeddable":true,"href":"https:\/\/www.kvk.lt\/en\/wp-json\/wp\/v2\/product_cat?post=52831"},{"taxonomy":"product_tag","embeddable":true,"href":"https:\/\/www.kvk.lt\/en\/wp-json\/wp\/v2\/product_tag?post=52831"}],"curies":[{"name":"wp","href":"https:\/\/api.w.org\/{rel}","templated":true}]}}