{"id":52834,"date":"2025-10-06T15:19:13","date_gmt":"2025-10-06T12:19:13","guid":{"rendered":"https:\/\/www.kvk.lt\/?post_type=product&#038;p=52834"},"modified":"2025-10-06T15:19:13","modified_gmt":"2025-10-06T12:19:13","slug":"kojines","status":"publish","type":"product","link":"https:\/\/www.kvk.lt\/en\/produktas\/kojines\/","title":{"rendered":"Kojin\u0117s"},"content":{"rendered":"<ul>\n<li data-start=\"228\" data-end=\"279\">Vidutinio ilgio su trij\u0173 juost\u0173 ra\u0161tu.<\/li>\n<li data-start=\"280\" data-end=\"354\">\n<p data-start=\"282\" data-end=\"354\">Kontrastiniai kulno ir pir\u0161t\u0173 galiukai, stiprintos pagrindin\u0117s vietos.<\/p>\n<\/li>\n<li data-start=\"355\" data-end=\"417\">\n<p data-start=\"357\" data-end=\"417\">\u0160onuose \u2013 KVK logotipas, pado apa\u010dioje \u2013 <strong data-start=\"398\" data-end=\"414\">#PasiimkSavo<\/strong>.<\/p>\n<\/li>\n<li data-start=\"472\" data-end=\"506\">\n<p data-start=\"474\" data-end=\"506\">Dyd\u017eiai: <strong data-start=\"483\" data-end=\"492\">38\u201340<\/strong> ir <strong data-start=\"496\" data-end=\"505\">42\u201344<\/strong>.<\/p>\n<\/li>\n<\/ul>\n","protected":false},"excerpt":{"rendered":"<p>Baltos vidutinio auk\u0161\u010dio kojin\u0117s su juodais akcentais ir \u012fmegztu KVK \u017eenklu. P\u0117dos apa\u010dioje \u2013 \u012fkvepiantis u\u017era\u0161as <strong data-start=\"148\" data-end=\"164\">#PasiimkSavo<\/strong>.<\/p>\n","protected":false},"featured_media":52809,"template":"","meta":{"_acf_changed":false,"inline_featured_image":false},"product_brand":[],"product_cat":[101],"product_tag":[],"class_list":{"0":"post-52834","1":"product","2":"type-product","3":"status-publish","4":"has-post-thumbnail","6":"product_cat-apranga","8":"first","9":"instock","10":"taxable","11":"shipping-taxable","12":"purchasable","13":"product-type-simple"},"acf":[],"jetpack_sharing_enabled":true,"_links":{"self":[{"href":"https:\/\/www.kvk.lt\/en\/wp-json\/wp\/v2\/product\/52834","targetHints":{"allow":["GET"]}}],"collection":[{"href":"https:\/\/www.kvk.lt\/en\/wp-json\/wp\/v2\/product"}],"about":[{"href":"https:\/\/www.kvk.lt\/en\/wp-json\/wp\/v2\/types\/product"}],"wp:featuredmedia":[{"embeddable":true,"href":"https:\/\/www.kvk.lt\/en\/wp-json\/wp\/v2\/media\/52809"}],"wp:attachment":[{"href":"https:\/\/www.kvk.lt\/en\/wp-json\/wp\/v2\/media?parent=52834"}],"wp:term":[{"taxonomy":"product_brand","embeddable":true,"href":"https:\/\/www.kvk.lt\/en\/wp-json\/wp\/v2\/product_brand?post=52834"},{"taxonomy":"product_cat","embeddable":true,"href":"https:\/\/www.kvk.lt\/en\/wp-json\/wp\/v2\/product_cat?post=52834"},{"taxonomy":"product_tag","embeddable":true,"href":"https:\/\/www.kvk.lt\/en\/wp-json\/wp\/v2\/product_tag?post=52834"}],"curies":[{"name":"wp","href":"https:\/\/api.w.org\/{rel}","templated":true}]}}